


{"id":230348,"date":"2025-07-03T09:59:55","date_gmt":"2025-07-03T07:59:55","guid":{"rendered":"https:\/\/dakaoutlet.com\/man-women\/"},"modified":"2025-07-04T10:21:47","modified_gmt":"2025-07-04T08:21:47","slug":"man-women","status":"publish","type":"page","link":"https:\/\/dakaoutlet.com\/it\/man-women\/","title":{"rendered":"Man\/Women"},"content":{"rendered":"\t\t<div data-elementor-type=\"wp-page\" data-elementor-id=\"230348\" class=\"elementor elementor-230348 elementor-230090\" data-elementor-post-type=\"page\">\n\t\t\t\t\t\t<section class=\"elementor-section elementor-top-section elementor-element elementor-element-d8ce839 elementor-section-full_width elementor-section-gap-beside-yes elementor-section-height-default elementor-section-height-default elementor-section-column-vertical-align-stretch\" data-id=\"d8ce839\" data-element_type=\"section\" id=\"category-tab\">\n\t\t\t\t\t\t<div class=\"elementor-container elementor-column-gap-extended\">\n\t\t\t\t\t<div class=\"elementor-column elementor-col-100 elementor-top-column elementor-element elementor-element-9238ded\" data-id=\"9238ded\" data-element_type=\"column\">\n\t\t\t<div class=\"elementor-widget-wrap elementor-element-populated\">\n\t\t\t\t\t\t<div class=\"elementor-element elementor-element-e69a41c elementor-widget elementor-widget-tm-tabs\" data-id=\"e69a41c\" data-element_type=\"widget\" data-widget_type=\"tm-tabs.default\">\n\t\t\t\t<div class=\"elementor-widget-container\">\n\t\t\t\t\t\t\t<div class=\"minimog-tabs minimog-tabs--horizontal minimog-tabs--nav-style-02 minimog-tabs--title-graphic-position-middle\">\n\t\t\t<div class=\"minimog-tabs__header-wrap\">\n\t\t\t\t<div class=\"minimog-tabs__header-inner\">\n\t\t\t\t\t\t\t\t\t\t\t<div class=\"minimog-tabs__header\" role=\"tablist\">\n\t\t\t\t\t\t\t\t\t\t\t\t\t\t\t<div class=\"tab-title active\" data-tab=\"1\" id=\"tab-title-a2483d4\" role=\"tab\" aria-controls=\"tab-content-a2483d4\" aria-selected=\"true\" tabindex=\"0\">\n\t\t\t\t\t\t\t\t\t\t\t\t\t\t\t\t\t\t\t\t\t\t\t\t\t\t\t\t<span class=\"tab-title__text\">meshkuj<\/span>\n\t\t\t\t\t\t\t\t\t\t\t\t\t\t\t\t\t<\/div>\n\t\t\t\t\t\t\t\t\t\t\t\t\t\t\t\t<div class=\"tab-title\" data-tab=\"2\" id=\"tab-title-ec20a75\" role=\"tab\" aria-controls=\"tab-content-ec20a75\" aria-selected=\"false\" tabindex=\"-1\">\n\t\t\t\t\t\t\t\t\t\t\t\t\t\t\t\t\t\t\t\t\t\t\t\t\t\t\t\t<span class=\"tab-title__text\">femra<\/span>\n\t\t\t\t\t\t\t\t\t\t\t\t\t\t\t\t\t<\/div>\n\t\t\t\t\t\t\t\t\t\t\t\t\t\t<\/div>\n\t\t\t\t\t\t\t\t\t<\/div>\n\t\t\t<\/div>\n\n\t\t\t<div class=\"minimog-tabs__content\">\n\t\t\t\t\t\t\t\t\t<div class=\"tab-content active\" data-tab=\"1\" id=\"tab-content-a2483d4\" role=\"tabpanel\" tabindex=\"0\" aria-expanded=\"true\" aria-labelledby=\"tab-title-a2483d4\">\n\t\t\t\t\t\t<div class=\"tab-content-wrapper\">\n\t\t\t\t\t\t\t\t\t<div data-elementor-type=\"page\" data-elementor-id=\"230107\" class=\"elementor elementor-230107\" data-elementor-post-type=\"elementor_library\">\n\t\t\t\t\t\t<section class=\"elementor-section elementor-top-section elementor-element elementor-element-4a0d03c elementor-section-large elementor-section-gap-beside-yes elementor-section-height-default elementor-section-height-default elementor-section-column-vertical-align-stretch\" data-id=\"4a0d03c\" data-element_type=\"section\">\n\t\t\t\t\t\t<div class=\"elementor-container elementor-column-gap-extended\">\n\t\t\t\t\t<div class=\"elementor-column elementor-col-100 elementor-top-column elementor-element elementor-element-31b2dc1 man-category\" data-id=\"31b2dc1\" data-element_type=\"column\">\n\t\t\t<div class=\"elementor-widget-wrap elementor-element-populated\">\n\t\t\t\t\t\t<div class=\"elementor-element elementor-element-1feb3ec minimog-animation-zoom-in man-category elementor-widget elementor-widget-tm-product-categories-grid\" data-id=\"1feb3ec\" data-element_type=\"widget\" data-widget_type=\"tm-product-categories-grid.default\">\n\t\t\t\t<div class=\"elementor-widget-container\">\n\t\t\t\t\t\t\t<div class=\"minimog-grid-wrapper minimog-product-categories style-03\" data-grid=\"{&quot;type&quot;:&quot;grid&quot;,&quot;columns&quot;:5,&quot;columnsMobile&quot;:2,&quot;gutter&quot;:50,&quot;gutterMobile&quot;:0}\" style=\"--grid-columns-desktop: 5;--grid-columns-mobile: 2;--grid-gutter-desktop: 50;--grid-gutter-mobile: 0;\">\n\t\t\t<div class=\"minimog-grid lazy-grid\">\n\t\t\t\t<div class=\"grid-sizer\"><\/div>\n\t\t\t\t<div class=\"grid-item product-category product first\">\n\t<div class=\"cat-wrap minimog-box\">\n\t\t<div class=\"minimog-image-wrapper grid-item-height\">\n\t\t\t<div class=\"minimog-image-inner\">\n\t\t\t\t<div class=\"minimog-image image\">\n\t\t\t\t\t<a href=\"https:\/\/dakaoutlet.com\/it\/kategoria-e-produkteve\/burre\/rripa\/\" class=\"cat-image minimog-box\">\n\t\t\t\t\t\t<img fetchpriority=\"high\" decoding=\"async\"  src=\"https:\/\/dakaoutlet.com\/wp-content\/uploads\/2025\/07\/Frame-96.png\" width=\"286\" height=\"286\" alt=\"Frame 96\" \/>\t\t\t\t\t<\/a>\n\t\t\t\t<\/div>\n\t\t\t<\/div>\n\t\t<\/div>\n\n\t\t<div class=\"category-info\">\n\t<h5 class=\"category-name\">\n\t\t<a href=\"https:\/\/dakaoutlet.com\/it\/kategoria-e-produkteve\/burre\/rripa\/\">\n\t\t\tRripa\t\t\t\t\t<\/a>\n\t<\/h5>\n\t<\/div>\n\n\t\t\t<\/div>\n<\/div>\n\t\t\t<\/div>\n\t\t<\/div>\n\t\t\t\t\t\t<\/div>\n\t\t\t\t<\/div>\n\t\t\t\t\t<\/div>\n\t\t<\/div>\n\t\t\t\t\t<\/div>\n\t\t<\/section>\n\t\t\t\t<section class=\"elementor-section elementor-top-section elementor-element elementor-element-e2ab240 elementor-hidden-tablet elementor-hidden-mobile_extra elementor-hidden-mobile elementor-section-boxed elementor-section-gap-beside-yes elementor-section-height-default elementor-section-height-default elementor-section-column-vertical-align-stretch\" data-id=\"e2ab240\" data-element_type=\"section\">\n\t\t\t\t\t\t<div class=\"elementor-container elementor-column-gap-extended\">\n\t\t\t\t\t<div class=\"elementor-column elementor-col-100 elementor-top-column elementor-element elementor-element-1dac19a\" data-id=\"1dac19a\" data-element_type=\"column\">\n\t\t\t<div class=\"elementor-widget-wrap elementor-element-populated\">\n\t\t\t\t\t\t<div class=\"elementor-element elementor-element-2b8fc71 elementor-widget elementor-widget-text-editor\" data-id=\"2b8fc71\" data-element_type=\"widget\" data-widget_type=\"text-editor.default\">\n\t\t\t\t<div class=\"elementor-widget-container\">\n\t\t\t\t\t\t\t\t\tposta falas n\u00eb t\u00eb gjith\u00eb shqip\u00ebrin\u00eb\t\t\t\t\t\t\t\t<\/div>\n\t\t\t\t<\/div>\n\t\t\t\t\t<\/div>\n\t\t<\/div>\n\t\t\t\t\t<\/div>\n\t\t<\/section>\n\t\t\t\t<\/div>\n\t\t\t\t\t\t\t\t<\/div>\n\t\t\t\t\t<\/div>\n\t\t\t\t\t\t\t\t\t\t<div class=\"tab-content\" data-tab=\"2\" id=\"tab-content-ec20a75\" role=\"tabpanel\" tabindex=\"0\" aria-expanded=\"false\" aria-labelledby=\"tab-title-ec20a75\" hidden>\n\t\t\t\t\t\t<div class=\"tab-content-wrapper\">\n\t\t\t\t\t\t\t\t\t<div data-elementor-type=\"page\" data-elementor-id=\"230176\" class=\"elementor elementor-230176\" data-elementor-post-type=\"elementor_library\">\n\t\t\t\t\t\t<section class=\"elementor-section elementor-top-section elementor-element elementor-element-c456f29 elementor-section-large elementor-section-gap-beside-yes elementor-section-height-default elementor-section-height-default elementor-section-column-vertical-align-stretch\" data-id=\"c456f29\" data-element_type=\"section\">\n\t\t\t\t\t\t<div class=\"elementor-container elementor-column-gap-extended\">\n\t\t\t\t\t<div class=\"elementor-column elementor-col-100 elementor-top-column elementor-element elementor-element-14dfd93\" data-id=\"14dfd93\" data-element_type=\"column\">\n\t\t\t<div class=\"elementor-widget-wrap elementor-element-populated\">\n\t\t\t\t\t\t<div class=\"elementor-element elementor-element-50f7790 minimog-animation-zoom-in women-category elementor-widget elementor-widget-tm-product-categories-grid\" data-id=\"50f7790\" data-element_type=\"widget\" data-widget_type=\"tm-product-categories-grid.default\">\n\t\t\t\t<div class=\"elementor-widget-container\">\n\t\t\t\t\t\t\t<div class=\"minimog-grid-wrapper minimog-product-categories style-03\" data-grid=\"{&quot;type&quot;:&quot;grid&quot;,&quot;columns&quot;:5,&quot;columnsMobile&quot;:2,&quot;gutter&quot;:30,&quot;gutterMobile&quot;:0}\" style=\"--grid-columns-desktop: 5;--grid-columns-mobile: 2;--grid-gutter-desktop: 30;--grid-gutter-mobile: 0;\">\n\t\t\t<div class=\"minimog-grid lazy-grid\">\n\t\t\t\t<div class=\"grid-sizer\"><\/div>\n\t\t\t\t<div class=\"grid-item product-category product\">\n\t<div class=\"cat-wrap minimog-box\">\n\t\t<div class=\"minimog-image-wrapper grid-item-height\">\n\t\t\t<div class=\"minimog-image-inner\">\n\t\t\t\t<div class=\"minimog-image image\">\n\t\t\t\t\t<a href=\"https:\/\/dakaoutlet.com\/it\/kategoria-e-produkteve\/grua\/rripa-2\/\" class=\"cat-image minimog-box\">\n\t\t\t\t\t\t<img decoding=\"async\"  src=\"https:\/\/dakaoutlet.com\/wp-content\/uploads\/2025\/07\/Frame-97-2.png\" width=\"286\" height=\"286\" alt=\"Frame 97 (2)\" \/>\t\t\t\t\t<\/a>\n\t\t\t\t<\/div>\n\t\t\t<\/div>\n\t\t<\/div>\n\n\t\t<div class=\"category-info\">\n\t<h5 class=\"category-name\">\n\t\t<a href=\"https:\/\/dakaoutlet.com\/it\/kategoria-e-produkteve\/grua\/rripa-2\/\">\n\t\t\tRripa\t\t\t\t\t<\/a>\n\t<\/h5>\n\t<\/div>\n\n\t\t\t<\/div>\n<\/div>\n\t\t\t<\/div>\n\t\t<\/div>\n\t\t\t\t\t\t<\/div>\n\t\t\t\t<\/div>\n\t\t\t\t\t<\/div>\n\t\t<\/div>\n\t\t\t\t\t<\/div>\n\t\t<\/section>\n\t\t\t\t<section class=\"elementor-section elementor-top-section elementor-element elementor-element-cc52863 elementor-hidden-tablet elementor-hidden-mobile_extra elementor-hidden-mobile elementor-section-boxed elementor-section-gap-beside-yes elementor-section-height-default elementor-section-height-default elementor-section-column-vertical-align-stretch\" data-id=\"cc52863\" data-element_type=\"section\">\n\t\t\t\t\t\t<div class=\"elementor-container elementor-column-gap-extended\">\n\t\t\t\t\t<div class=\"elementor-column elementor-col-100 elementor-top-column elementor-element elementor-element-356c7ff\" data-id=\"356c7ff\" data-element_type=\"column\">\n\t\t\t<div class=\"elementor-widget-wrap elementor-element-populated\">\n\t\t\t\t\t\t<div class=\"elementor-element elementor-element-4a98f36 elementor-widget elementor-widget-text-editor\" data-id=\"4a98f36\" data-element_type=\"widget\" data-widget_type=\"text-editor.default\">\n\t\t\t\t<div class=\"elementor-widget-container\">\n\t\t\t\t\t\t\t\t\tposta falas n\u00eb t\u00eb gjith\u00eb shqip\u00ebrin\u00eb\t\t\t\t\t\t\t\t<\/div>\n\t\t\t\t<\/div>\n\t\t\t\t\t<\/div>\n\t\t<\/div>\n\t\t\t\t\t<\/div>\n\t\t<\/section>\n\t\t\t\t<\/div>\n\t\t\t\t\t\t\t\t<\/div>\n\t\t\t\t\t<\/div>\n\t\t\t\t\t\t\t\t<\/div>\n\n\t\t<\/div>\n\t\t\t\t\t\t<\/div>\n\t\t\t\t<\/div>\n\t\t\t\t\t<\/div>\n\t\t<\/div>\n\t\t\t\t\t<\/div>\n\t\t<\/section>\n\t\t\t\t<\/div>\n\t\t","protected":false},"excerpt":{"rendered":"<p>meshkuj femra Bluza Atlete \u00c7anta Shapka Xhinse\/Pantallona Tuta Ora Xhaketa\/Xhupa Kapele\/Kapu\u00e7a Aksesor\u00eb posta falas n\u00eb t\u00eb gjith\u00eb shqip\u00ebrin\u00eb Bluza Atlete \u00c7anta Shapka Sandale Sete Kapele\/Kapu\u00e7a Xhinse\/Pantallona Aksesor\u00eb Xhaketa\/Xhupa posta falas n\u00eb t\u00eb gjith\u00eb shqip\u00ebrin\u00eb<\/p>\n","protected":false},"author":1,"featured_media":0,"parent":0,"menu_order":0,"comment_status":"closed","ping_status":"closed","template":"","meta":{"footnotes":""},"class_list":["post-230348","page","type-page","status-publish","hentry","post-no-thumbnail"],"aioseo_notices":[],"_links":{"self":[{"href":"https:\/\/dakaoutlet.com\/it\/wp-json\/wp\/v2\/pages\/230348","targetHints":{"allow":["GET"]}}],"collection":[{"href":"https:\/\/dakaoutlet.com\/it\/wp-json\/wp\/v2\/pages"}],"about":[{"href":"https:\/\/dakaoutlet.com\/it\/wp-json\/wp\/v2\/types\/page"}],"author":[{"embeddable":true,"href":"https:\/\/dakaoutlet.com\/it\/wp-json\/wp\/v2\/users\/1"}],"replies":[{"embeddable":true,"href":"https:\/\/dakaoutlet.com\/it\/wp-json\/wp\/v2\/comments?post=230348"}],"version-history":[{"count":2,"href":"https:\/\/dakaoutlet.com\/it\/wp-json\/wp\/v2\/pages\/230348\/revisions"}],"predecessor-version":[{"id":230371,"href":"https:\/\/dakaoutlet.com\/it\/wp-json\/wp\/v2\/pages\/230348\/revisions\/230371"}],"wp:attachment":[{"href":"https:\/\/dakaoutlet.com\/it\/wp-json\/wp\/v2\/media?parent=230348"}],"curies":[{"name":"wp","href":"https:\/\/api.w.org\/{rel}","templated":true}]}}